{"id":423,"date":"2024-08-08T11:32:12","date_gmt":"2024-08-08T14:32:12","guid":{"rendered":"http:\/\/142.93.251.245\/?page_id=423"},"modified":"2024-08-13T09:51:18","modified_gmt":"2024-08-13T12:51:18","slug":"privacidade","status":"publish","type":"page","link":"https:\/\/www.gaiacode.com.br\/?page_id=423","title":{"rendered":"Privacidade"},"content":{"rendered":"\t\t<div data-elementor-type=\"wp-page\" data-elementor-id=\"423\" class=\"elementor elementor-423\" data-elementor-post-type=\"page\">\n\t\t\t\t\t\t<section class=\"elementor-section elementor-top-section elementor-element elementor-element-9ed245e elementor-section-boxed elementor-section-height-default elementor-section-height-default\" data-id=\"9ed245e\" data-element_type=\"section\" data-settings=\"{&quot;background_background&quot;:&quot;classic&quot;}\">\n\t\t\t\t\t\t\t<div class=\"elementor-background-overlay\"><\/div>\n\t\t\t\t\t\t\t<div class=\"elementor-container elementor-column-gap-default\">\n\t\t\t\t\t<div class=\"elementor-column elementor-col-100 elementor-top-column elementor-element elementor-element-d7b15df\" data-id=\"d7b15df\" data-element_type=\"column\" data-settings=\"{&quot;background_background&quot;:&quot;classic&quot;}\">\n\t\t\t<div class=\"elementor-widget-wrap elementor-element-populated\">\n\t\t\t\t\t\t<div class=\"elementor-element elementor-element-0744109 animated-fast elementor-invisible elementor-widget elementor-widget-heading\" data-id=\"0744109\" data-element_type=\"widget\" data-settings=\"{&quot;_animation&quot;:&quot;fadeInUp&quot;}\" data-widget_type=\"heading.default\">\n\t\t\t\t<div class=\"elementor-widget-container\">\n\t\t\t<h2 class=\"elementor-heading-title elementor-size-default\">Privacidade<\/h2>\t\t<\/div>\n\t\t\t\t<\/div>\n\t\t\t\t\t<\/div>\n\t\t<\/div>\n\t\t\t\t\t<\/div>\n\t\t<\/section>\n\t\t\t\t<section class=\"elementor-section elementor-top-section elementor-element elementor-element-a54fb35 elementor-section-boxed elementor-section-height-default elementor-section-height-default\" data-id=\"a54fb35\" data-element_type=\"section\" data-settings=\"{&quot;background_background&quot;:&quot;classic&quot;}\">\n\t\t\t\t\t\t<div class=\"elementor-container elementor-column-gap-default\">\n\t\t\t\t\t<div class=\"elementor-column elementor-col-100 elementor-top-column elementor-element elementor-element-5a3e74d elementor-invisible\" data-id=\"5a3e74d\" data-element_type=\"column\" data-settings=\"{&quot;animation&quot;:&quot;fadeInLeft&quot;}\">\n\t\t\t<div class=\"elementor-widget-wrap elementor-element-populated\">\n\t\t\t\t\t\t<div class=\"elementor-element elementor-element-d397ee5 elementor-widget__width-inherit elementor-widget elementor-widget-text-editor\" data-id=\"d397ee5\" data-element_type=\"widget\" data-widget_type=\"text-editor.default\">\n\t\t\t\t<div class=\"elementor-widget-container\">\n\t\t\t\t\t\t\t<p><strong>Coleta de Dados Pessoais<\/strong><br \/>Coletamos dados pessoais, como nome, e-mail e telefone, quando voc\u00ea interage com nosso site, por exemplo, ao preencher formul\u00e1rios de contato ou se inscrever na nossa newsletter.<\/p><p><strong>Uso dos Dados<\/strong><br \/>Utilizamos seus dados para:<\/p><ul><li>Fornecer e personalizar nossos servi\u00e7os.<\/li><li>Entrar em contato para responder suas d\u00favidas e fornecer informa\u00e7\u00f5es relevantes.<\/li><li>Enviar comunica\u00e7\u00f5es de marketing, caso tenha consentido.<\/li><\/ul><p><strong>Compartilhamento de Dados<\/strong><br \/>N\u00e3o compartilhamos seus dados pessoais com terceiros, exceto para fins de an\u00e1lise de dados, hospedagem de sites ou quando exigido por lei.<\/p><p><strong>Seguran\u00e7a dos Dados<\/strong><br \/>Implementamos medidas de seguran\u00e7a para proteger seus dados contra acessos n\u00e3o autorizados, altera\u00e7\u00f5es, divulga\u00e7\u00e3o ou destrui\u00e7\u00e3o.<\/p><p><strong>Seus Direitos<\/strong><br \/>Voc\u00ea tem o direito de acessar, corrigir ou solicitar a exclus\u00e3o de seus dados pessoais. Para exercer esses direitos, entre em contato conosco atrav\u00e9s do e-mail: <a rel=\"noreferrer\">contato@gaiacode.com.br<\/a>.<\/p>\t\t\t\t\t\t<\/div>\n\t\t\t\t<\/div>\n\t\t\t\t\t<\/div>\n\t\t<\/div>\n\t\t\t\t\t<\/div>\n\t\t<\/section>\n\t\t\t\t<\/div>\n\t\t","protected":false},"excerpt":{"rendered":"<p>Coleta de Dados PessoaisColetamos dados pessoais, como nome, e-mail e telefone, quando voc\u00ea interage com nosso site, por exemplo, ao preencher formul\u00e1rios de contato ou se inscrever na nossa newsletter. Uso dos DadosUtilizamos seus dados para: Fornecer e personalizar nossos servi\u00e7os. Entrar em contato para responder suas d\u00favidas e fornecer informa\u00e7\u00f5es relevantes. Enviar comunica\u00e7\u00f5es de [&hellip;]<\/p>\n","protected":false},"author":2,"featured_media":0,"parent":0,"menu_order":0,"comment_status":"closed","ping_status":"closed","template":"elementor_header_footer","meta":{"footnotes":""},"class_list":["post-423","page","type-page","status-publish","hentry"],"_links":{"self":[{"href":"https:\/\/www.gaiacode.com.br\/index.php?rest_route=\/wp\/v2\/pages\/423","targetHints":{"allow":["GET"]}}],"collection":[{"href":"https:\/\/www.gaiacode.com.br\/index.php?rest_route=\/wp\/v2\/pages"}],"about":[{"href":"https:\/\/www.gaiacode.com.br\/index.php?rest_route=\/wp\/v2\/types\/page"}],"author":[{"embeddable":true,"href":"https:\/\/www.gaiacode.com.br\/index.php?rest_route=\/wp\/v2\/users\/2"}],"replies":[{"embeddable":true,"href":"https:\/\/www.gaiacode.com.br\/index.php?rest_route=%2Fwp%2Fv2%2Fcomments&post=423"}],"version-history":[{"count":7,"href":"https:\/\/www.gaiacode.com.br\/index.php?rest_route=\/wp\/v2\/pages\/423\/revisions"}],"predecessor-version":[{"id":917,"href":"https:\/\/www.gaiacode.com.br\/index.php?rest_route=\/wp\/v2\/pages\/423\/revisions\/917"}],"wp:attachment":[{"href":"https:\/\/www.gaiacode.com.br\/index.php?rest_route=%2Fwp%2Fv2%2Fmedia&parent=423"}],"curies":[{"name":"wp","href":"https:\/\/api.w.org\/{rel}","templated":true}]}}