{"id":421,"date":"2024-08-08T11:31:57","date_gmt":"2024-08-08T14:31:57","guid":{"rendered":"http:\/\/142.93.251.245\/?page_id=421"},"modified":"2024-08-13T09:50:58","modified_gmt":"2024-08-13T12:50:58","slug":"cookies","status":"publish","type":"page","link":"https:\/\/www.gaiacode.com.br\/?page_id=421","title":{"rendered":"Cookies"},"content":{"rendered":"\t\t<div data-elementor-type=\"wp-page\" data-elementor-id=\"421\" class=\"elementor elementor-421\" data-elementor-post-type=\"page\">\n\t\t\t\t\t\t<section class=\"elementor-section elementor-top-section elementor-element elementor-element-12c3758 elementor-section-boxed elementor-section-height-default elementor-section-height-default\" data-id=\"12c3758\" data-element_type=\"section\" data-settings=\"{&quot;background_background&quot;:&quot;classic&quot;}\">\n\t\t\t\t\t\t\t<div class=\"elementor-background-overlay\"><\/div>\n\t\t\t\t\t\t\t<div class=\"elementor-container elementor-column-gap-default\">\n\t\t\t\t\t<div class=\"elementor-column elementor-col-100 elementor-top-column elementor-element elementor-element-bd3000e\" data-id=\"bd3000e\" data-element_type=\"column\" data-settings=\"{&quot;background_background&quot;:&quot;classic&quot;}\">\n\t\t\t<div class=\"elementor-widget-wrap elementor-element-populated\">\n\t\t\t\t\t\t<div class=\"elementor-element elementor-element-aec2140 animated-fast elementor-invisible elementor-widget elementor-widget-heading\" data-id=\"aec2140\" data-element_type=\"widget\" data-settings=\"{&quot;_animation&quot;:&quot;fadeInUp&quot;}\" data-widget_type=\"heading.default\">\n\t\t\t\t<div class=\"elementor-widget-container\">\n\t\t\t<h2 class=\"elementor-heading-title elementor-size-default\">Cookies<\/h2>\t\t<\/div>\n\t\t\t\t<\/div>\n\t\t\t\t\t<\/div>\n\t\t<\/div>\n\t\t\t\t\t<\/div>\n\t\t<\/section>\n\t\t\t\t<section class=\"elementor-section elementor-top-section elementor-element elementor-element-4a7ce6c elementor-section-boxed elementor-section-height-default elementor-section-height-default\" data-id=\"4a7ce6c\" data-element_type=\"section\" data-settings=\"{&quot;background_background&quot;:&quot;classic&quot;}\">\n\t\t\t\t\t\t<div class=\"elementor-container elementor-column-gap-default\">\n\t\t\t\t\t<div class=\"elementor-column elementor-col-100 elementor-top-column elementor-element elementor-element-394d684 elementor-invisible\" data-id=\"394d684\" data-element_type=\"column\" data-settings=\"{&quot;animation&quot;:&quot;fadeInLeft&quot;}\">\n\t\t\t<div class=\"elementor-widget-wrap elementor-element-populated\">\n\t\t\t\t\t\t<div class=\"elementor-element elementor-element-f17a4d0 elementor-widget__width-inherit elementor-widget elementor-widget-text-editor\" data-id=\"f17a4d0\" data-element_type=\"widget\" data-widget_type=\"text-editor.default\">\n\t\t\t\t<div class=\"elementor-widget-container\">\n\t\t\t\t\t\t\t<p><strong>O que s\u00e3o Cookies?<\/strong><br \/>Cookies s\u00e3o pequenos arquivos de texto armazenados em seu dispositivo quando voc\u00ea visita nosso site. Eles ajudam a melhorar sua experi\u00eancia de navega\u00e7\u00e3o, lembrar suas prefer\u00eancias e coletar informa\u00e7\u00f5es anal\u00edticas sobre o uso do site.<\/p><p><strong>Como usamos Cookies?<\/strong><br \/>Utilizamos cookies para:<\/p><ul><li><strong>Funcionalidade do Site:<\/strong> Garantir que nosso site funcione corretamente e seja f\u00e1cil de navegar.<\/li><li><strong>Prefer\u00eancias do Usu\u00e1rio:<\/strong> Lembrar suas prefer\u00eancias, como idioma e configura\u00e7\u00f5es de layout.<\/li><li><strong>An\u00e1lise e Desempenho:<\/strong> Coletar dados sobre como voc\u00ea utiliza o site para melhorar nosso conte\u00fado e servi\u00e7os.<\/li><\/ul><p><strong>Gerenciando Cookies<\/strong><br \/>Voc\u00ea pode gerenciar ou desativar os cookies atrav\u00e9s das configura\u00e7\u00f5es do seu navegador. Note que a desativa\u00e7\u00e3o de cookies pode afetar a funcionalidade do site.<\/p><p><strong>Cookies de Terceiros<\/strong><br \/>Utilizamos cookies de terceiros para an\u00e1lises de desempenho e para oferecer publicidade personalizada. Esses cookies s\u00e3o gerenciados por terceiros e est\u00e3o sujeitos \u00e0s pol\u00edticas de privacidade desses provedores.<\/p>\t\t\t\t\t\t<\/div>\n\t\t\t\t<\/div>\n\t\t\t\t\t<\/div>\n\t\t<\/div>\n\t\t\t\t\t<\/div>\n\t\t<\/section>\n\t\t\t\t<\/div>\n\t\t","protected":false},"excerpt":{"rendered":"<p>O que s\u00e3o Cookies?Cookies s\u00e3o pequenos arquivos de texto armazenados em seu dispositivo quando voc\u00ea visita nosso site. Eles ajudam a melhorar sua experi\u00eancia de navega\u00e7\u00e3o, lembrar suas prefer\u00eancias e coletar informa\u00e7\u00f5es anal\u00edticas sobre o uso do site. Como usamos Cookies?Utilizamos cookies para: Funcionalidade do Site: Garantir que nosso site funcione corretamente e seja f\u00e1cil [&hellip;]<\/p>\n","protected":false},"author":2,"featured_media":0,"parent":0,"menu_order":0,"comment_status":"closed","ping_status":"closed","template":"elementor_header_footer","meta":{"footnotes":""},"class_list":["post-421","page","type-page","status-publish","hentry"],"_links":{"self":[{"href":"https:\/\/www.gaiacode.com.br\/index.php?rest_route=\/wp\/v2\/pages\/421","targetHints":{"allow":["GET"]}}],"collection":[{"href":"https:\/\/www.gaiacode.com.br\/index.php?rest_route=\/wp\/v2\/pages"}],"about":[{"href":"https:\/\/www.gaiacode.com.br\/index.php?rest_route=\/wp\/v2\/types\/page"}],"author":[{"embeddable":true,"href":"https:\/\/www.gaiacode.com.br\/index.php?rest_route=\/wp\/v2\/users\/2"}],"replies":[{"embeddable":true,"href":"https:\/\/www.gaiacode.com.br\/index.php?rest_route=%2Fwp%2Fv2%2Fcomments&post=421"}],"version-history":[{"count":7,"href":"https:\/\/www.gaiacode.com.br\/index.php?rest_route=\/wp\/v2\/pages\/421\/revisions"}],"predecessor-version":[{"id":914,"href":"https:\/\/www.gaiacode.com.br\/index.php?rest_route=\/wp\/v2\/pages\/421\/revisions\/914"}],"wp:attachment":[{"href":"https:\/\/www.gaiacode.com.br\/index.php?rest_route=%2Fwp%2Fv2%2Fmedia&parent=421"}],"curies":[{"name":"wp","href":"https:\/\/api.w.org\/{rel}","templated":true}]}}